{"id":923,"date":"2020-10-12T05:13:06","date_gmt":"2020-10-12T05:13:06","guid":{"rendered":"https:\/\/cubecanada.ca\/?page_id=923"},"modified":"2022-06-22T16:38:36","modified_gmt":"2022-06-22T16:38:36","slug":"le-tombeau","status":"publish","type":"page","link":"https:\/\/cubecanada.ca\/fr\/le-tombeau\/","title":{"rendered":"Le tombeau"},"content":{"rendered":"<section class=\"wpb-content-wrapper\"><p>[vc_row hide_bg_image_on_tablet=\u00a0\u00bb\u00a0\u00bb hide_bg_image_on_mobile=\u00a0\u00bb\u00a0\u00bb el_id=\u00a0\u00bbwect\u00a0\u00bb][vc_column icons_position=\u00a0\u00bbleft\u00a0\u00bb][vc_column_text]<img decoding=\"async\" class=\"alignnone size-full wp-image-989\" src=\"https:\/\/cubecanada.ca\/wp-content\/uploads\/2020\/10\/cube_photo-1.jpg\" \/><\/p>\n<div class=\"front_end sd\">\n<h2>LE TOMBEAU<\/h2>\n<p>Une zone inconnue en Chine, allez-vous d\u00e9couvrir ce qui s&rsquo;y cache avec votre \u00e9quipe d&rsquo;arch\u00e9ologues ?<\/p>\n<\/div>\n<p>[\/vc_column_text][\/vc_column][\/vc_row][vc_row el_id=\u00a0\u00bbaska\u00a0\u00bb][vc_column icons_position=\u00a0\u00bbleft\u00a0\u00bb][vc_empty_space alter_height=\u00a0\u00bbmedium\u00a0\u00bb hide_on_desktop=\u00a0\u00bb1&Prime; hide_on_notebook=\u00a0\u00bb1&Prime; hide_on_tablet=\u00a0\u00bb1&Prime; hide_on_mobile=\u00a0\u00bb\u00a0\u00bb css=\u00a0\u00bb.vc_custom_1519390345481\u00a0\u00bb][\/vc_column][vc_column width=\u00a0\u00bb1\/2&Prime; icons_position=\u00a0\u00bbleft\u00a0\u00bb][vc_single_image image=\u00a0\u00bb874&Prime; img_size=\u00a0\u00bbfull\u00a0\u00bb style=\u00a0\u00bbvc_box_border\u00a0\u00bb][vc_empty_space alter_height=\u00a0\u00bbmedium\u00a0\u00bb hide_on_desktop=\u00a0\u00bb1&Prime; hide_on_notebook=\u00a0\u00bb1&Prime; hide_on_tablet=\u00a0\u00bb1&Prime; hide_on_mobile=\u00a0\u00bb\u00a0\u00bb][\/vc_column][vc_column width=\u00a0\u00bb1\/2&Prime; icons_position=\u00a0\u00bbleft\u00a0\u00bb][vc_empty_space hide_on_desktop=\u00a0\u00bb\u00a0\u00bb hide_on_notebook=\u00a0\u00bb\u00a0\u00bb hide_on_tablet=\u00a0\u00bb\u00a0\u00bb hide_on_mobile=\u00a0\u00bb\u00a0\u00bb css=\u00a0\u00bb.vc_custom_1517821377699{margin-top: -0.75rem !important;}\u00a0\u00bb]<div id=\"sc_title_346279119\"\n\t\tclass=\"sc_title color_style_default sc_title_default\"><h3 class=\"sc_item_title sc_title_title sc_align_left sc_item_title_style_default\">LE TOMBEAU<\/h3><\/div><!-- \/.sc_title -->[vc_empty_space alter_height=\u00a0\u00bbmedium\u00a0\u00bb hide_on_desktop=\u00a0\u00bb\u00a0\u00bb hide_on_notebook=\u00a0\u00bb\u00a0\u00bb hide_on_tablet=\u00a0\u00bb\u00a0\u00bb hide_on_mobile=\u00a0\u00bb\u00a0\u00bb css=\u00a0\u00bb.vc_custom_1517821924875{margin-top: -0.7rem !important;}\u00a0\u00bb][vc_column_text]La Chine a une histoire d&rsquo;au moins 5000 ans et le pays a connu de nombreuses guerres.<\/p>\n<p>Les guerriers ne se sont pas battus pour apporter la paix ou pour r\u00e9pandre le mal, ils \u00e9taient motiv\u00e9s par le pouvoir et l&rsquo;appropriation de nouveaux territoires.<\/p>\n<p>La Chine honorait plusieurs guerriers c\u00e9l\u00e8bres tels que Lu Bu, Guan Yu et Zhang Fei. Cependant, malgr\u00e9 ses nombreuses victoires contre les envahisseurs qui mena\u00e7aient les fronti\u00e8res du pays, un g\u00e9n\u00e9ral sombra dans l&rsquo;oubli.<\/p>\n<p>Dans un petit village de Hunan, en Chine, des villageois ont r\u00e9cemment d\u00e9couvert un sous-terrain myst\u00e9rieux et interdit. Vous et votre \u00e9quipe d&rsquo;arch\u00e9ologues devront explorer cette zone inconnue et d\u00e9couvrir la v\u00e9rit\u00e9 qui se cache derri\u00e8re ce myst\u00e8re.[\/vc_column_text][vc_empty_space alter_height=\u00a0\u00bbmedium\u00a0\u00bb hide_on_desktop=\u00a0\u00bb\u00a0\u00bb hide_on_notebook=\u00a0\u00bb\u00a0\u00bb hide_on_tablet=\u00a0\u00bb\u00a0\u00bb hide_on_mobile=\u00a0\u00bb\u00a0\u00bb css=\u00a0\u00bb.vc_custom_1517821966772{margin-top: -1rem !important;}\u00a0\u00bb]<a href=\"https:\/\/cubecanada.ca\/reservez-maintenant\/\" id=\"sc_button_802536396\" class=\"sc_button color_style_default sc_button_default sc_button_size_normal sc_button_icon_left\"><span class=\"sc_button_text\"><span class=\"sc_button_title\">R\u00e9servez maintenant<\/span><\/span><!-- \/.sc_button_text --><\/a><!-- \/.sc_button -->[\/vc_column][\/vc_row]<\/p>\n<\/section>","protected":false},"excerpt":{"rendered":"<p>[vc_row hide_bg_image_on_tablet=\u00a0\u00bb\u00a0\u00bb hide_bg_image_on_mobile=\u00a0\u00bb\u00a0\u00bb el_id=\u00a0\u00bbwect\u00a0\u00bb][vc_column icons_position=\u00a0\u00bbleft\u00a0\u00bb][vc_column_text] LE TOMBEAU Une zone inconnue en Chine, allez-vous d\u00e9couvrir ce qui s&rsquo;y cache avec votre \u00e9quipe d&rsquo;arch\u00e9ologues ? [\/vc_column_text][\/vc_column][\/vc_row][vc_row el_id=\u00a0\u00bbaska\u00a0\u00bb][vc_column icons_position=\u00a0\u00bbleft\u00a0\u00bb][vc_empty_space alter_height=\u00a0\u00bbmedium\u00a0\u00bb hide_on_desktop=\u00a0\u00bb1&Prime; hide_on_notebook=\u00a0\u00bb1&Prime; hide_on_tablet=\u00a0\u00bb1&Prime;&hellip;<\/p>\n","protected":false},"author":990004,"featured_media":0,"parent":0,"menu_order":0,"comment_status":"closed","ping_status":"closed","template":"","meta":{"_monsterinsights_skip_tracking":false,"_monsterinsights_sitenote_active":false,"_monsterinsights_sitenote_note":"","_monsterinsights_sitenote_category":0,"footnotes":""},"class_list":["post-923","page","type-page","status-publish","hentry"],"yoast_head":"<!-- This site is optimized with the Yoast SEO plugin v26.9 - https:\/\/yoast.com\/product\/yoast-seo-wordpress\/ -->\n<title>Le tombeau | Jeux d&#039;\u00e9vasion \u00e0 Montr\u00e9al | Cube Canada<\/title>\n<meta name=\"description\" content=\"Jeu d&#039;\u00e9vasion Le tombeau : que se cache-t-il dans ces myst\u00e9rieux souterrains interdits ? \u00c0 Montr\u00e9al et les environs. R\u00e9servation en ligne!\" \/>\n<meta name=\"robots\" content=\"index, follow, max-snippet:-1, max-image-preview:large, max-video-preview:-1\" \/>\n<link rel=\"canonical\" href=\"https:\/\/cubecanada.ca\/fr\/le-tombeau\/\" \/>\n<meta property=\"og:locale\" content=\"fr_FR\" \/>\n<meta property=\"og:type\" content=\"article\" \/>\n<meta property=\"og:title\" content=\"Le tombeau | Jeux d&#039;\u00e9vasion \u00e0 Montr\u00e9al | Cube Canada\" \/>\n<meta property=\"og:description\" content=\"Jeu d&#039;\u00e9vasion Le tombeau : que se cache-t-il dans ces myst\u00e9rieux souterrains interdits ? \u00c0 Montr\u00e9al et les environs. R\u00e9servation en ligne!\" \/>\n<meta property=\"og:url\" content=\"https:\/\/cubecanada.ca\/fr\/le-tombeau\/\" \/>\n<meta property=\"og:site_name\" content=\"Cube canada\" \/>\n<meta property=\"article:publisher\" content=\"https:\/\/www.facebook.com\/C%c3%9cBE-Canada-1792521107724782\/\" \/>\n<meta property=\"article:modified_time\" content=\"2022-06-22T16:38:36+00:00\" \/>\n<meta property=\"og:image\" content=\"https:\/\/cubecanada.ca\/wp-content\/uploads\/2020\/10\/cube_photo-1.jpg\" \/>\n<meta name=\"twitter:card\" content=\"summary_large_image\" \/>\n<meta name=\"twitter:label1\" content=\"Dur\u00e9e de lecture estim\u00e9e\" \/>\n\t<meta name=\"twitter:data1\" content=\"2 minutes\" \/>\n<script type=\"application\/ld+json\" class=\"yoast-schema-graph\">{\"@context\":\"https:\/\/schema.org\",\"@graph\":[{\"@type\":\"WebPage\",\"@id\":\"https:\/\/cubecanada.ca\/fr\/le-tombeau\/\",\"url\":\"https:\/\/cubecanada.ca\/fr\/le-tombeau\/\",\"name\":\"Le tombeau | Jeux d'\u00e9vasion \u00e0 Montr\u00e9al | Cube Canada\",\"isPartOf\":{\"@id\":\"https:\/\/cubecanada.ca\/fr\/#website\"},\"primaryImageOfPage\":{\"@id\":\"https:\/\/cubecanada.ca\/fr\/le-tombeau\/#primaryimage\"},\"image\":{\"@id\":\"https:\/\/cubecanada.ca\/fr\/le-tombeau\/#primaryimage\"},\"thumbnailUrl\":\"https:\/\/cubecanada.ca\/wp-content\/uploads\/2020\/10\/cube_photo-1.jpg\",\"datePublished\":\"2020-10-12T05:13:06+00:00\",\"dateModified\":\"2022-06-22T16:38:36+00:00\",\"description\":\"Jeu d'\u00e9vasion Le tombeau : que se cache-t-il dans ces myst\u00e9rieux souterrains interdits ? \u00c0 Montr\u00e9al et les environs. R\u00e9servation en ligne!\",\"breadcrumb\":{\"@id\":\"https:\/\/cubecanada.ca\/fr\/le-tombeau\/#breadcrumb\"},\"inLanguage\":\"fr-FR\",\"potentialAction\":[{\"@type\":\"ReadAction\",\"target\":[\"https:\/\/cubecanada.ca\/fr\/le-tombeau\/\"]}]},{\"@type\":\"ImageObject\",\"inLanguage\":\"fr-FR\",\"@id\":\"https:\/\/cubecanada.ca\/fr\/le-tombeau\/#primaryimage\",\"url\":\"https:\/\/cubecanada.ca\/wp-content\/uploads\/2020\/10\/cube_photo-1.jpg\",\"contentUrl\":\"https:\/\/cubecanada.ca\/wp-content\/uploads\/2020\/10\/cube_photo-1.jpg\"},{\"@type\":\"BreadcrumbList\",\"@id\":\"https:\/\/cubecanada.ca\/fr\/le-tombeau\/#breadcrumb\",\"itemListElement\":[{\"@type\":\"ListItem\",\"position\":1,\"name\":\"Home\",\"item\":\"https:\/\/cubecanada.ca\/fr\/\"},{\"@type\":\"ListItem\",\"position\":2,\"name\":\"Le tombeau\"}]},{\"@type\":\"WebSite\",\"@id\":\"https:\/\/cubecanada.ca\/fr\/#website\",\"url\":\"https:\/\/cubecanada.ca\/fr\/\",\"name\":\"Cube canada\",\"description\":\"\",\"publisher\":{\"@id\":\"https:\/\/cubecanada.ca\/fr\/#organization\"},\"potentialAction\":[{\"@type\":\"SearchAction\",\"target\":{\"@type\":\"EntryPoint\",\"urlTemplate\":\"https:\/\/cubecanada.ca\/fr\/?s={search_term_string}\"},\"query-input\":{\"@type\":\"PropertyValueSpecification\",\"valueRequired\":true,\"valueName\":\"search_term_string\"}}],\"inLanguage\":\"fr-FR\"},{\"@type\":\"Organization\",\"@id\":\"https:\/\/cubecanada.ca\/fr\/#organization\",\"name\":\"Cube Canada\",\"url\":\"https:\/\/cubecanada.ca\/fr\/\",\"logo\":{\"@type\":\"ImageObject\",\"inLanguage\":\"fr-FR\",\"@id\":\"https:\/\/cubecanada.ca\/fr\/#\/schema\/logo\/image\/\",\"url\":\"https:\/\/cubecanada.ca\/wp-content\/uploads\/2020\/10\/logo.jpg\",\"contentUrl\":\"https:\/\/cubecanada.ca\/wp-content\/uploads\/2020\/10\/logo.jpg\",\"width\":316,\"height\":97,\"caption\":\"Cube Canada\"},\"image\":{\"@id\":\"https:\/\/cubecanada.ca\/fr\/#\/schema\/logo\/image\/\"},\"sameAs\":[\"https:\/\/www.facebook.com\/C\u00dcBE-Canada-1792521107724782\/\"]}]}<\/script>\n<!-- \/ Yoast SEO plugin. -->","yoast_head_json":{"title":"Le tombeau | Jeux d'\u00e9vasion \u00e0 Montr\u00e9al | Cube Canada","description":"Jeu d'\u00e9vasion Le tombeau : que se cache-t-il dans ces myst\u00e9rieux souterrains interdits ? \u00c0 Montr\u00e9al et les environs. R\u00e9servation en ligne!","robots":{"index":"index","follow":"follow","max-snippet":"max-snippet:-1","max-image-preview":"max-image-preview:large","max-video-preview":"max-video-preview:-1"},"canonical":"https:\/\/cubecanada.ca\/fr\/le-tombeau\/","og_locale":"fr_FR","og_type":"article","og_title":"Le tombeau | Jeux d'\u00e9vasion \u00e0 Montr\u00e9al | Cube Canada","og_description":"Jeu d'\u00e9vasion Le tombeau : que se cache-t-il dans ces myst\u00e9rieux souterrains interdits ? \u00c0 Montr\u00e9al et les environs. R\u00e9servation en ligne!","og_url":"https:\/\/cubecanada.ca\/fr\/le-tombeau\/","og_site_name":"Cube canada","article_publisher":"https:\/\/www.facebook.com\/C%c3%9cBE-Canada-1792521107724782\/","article_modified_time":"2022-06-22T16:38:36+00:00","og_image":[{"url":"https:\/\/cubecanada.ca\/wp-content\/uploads\/2020\/10\/cube_photo-1.jpg","type":"","width":"","height":""}],"twitter_card":"summary_large_image","twitter_misc":{"Dur\u00e9e de lecture estim\u00e9e":"2 minutes"},"schema":{"@context":"https:\/\/schema.org","@graph":[{"@type":"WebPage","@id":"https:\/\/cubecanada.ca\/fr\/le-tombeau\/","url":"https:\/\/cubecanada.ca\/fr\/le-tombeau\/","name":"Le tombeau | Jeux d'\u00e9vasion \u00e0 Montr\u00e9al | Cube Canada","isPartOf":{"@id":"https:\/\/cubecanada.ca\/fr\/#website"},"primaryImageOfPage":{"@id":"https:\/\/cubecanada.ca\/fr\/le-tombeau\/#primaryimage"},"image":{"@id":"https:\/\/cubecanada.ca\/fr\/le-tombeau\/#primaryimage"},"thumbnailUrl":"https:\/\/cubecanada.ca\/wp-content\/uploads\/2020\/10\/cube_photo-1.jpg","datePublished":"2020-10-12T05:13:06+00:00","dateModified":"2022-06-22T16:38:36+00:00","description":"Jeu d'\u00e9vasion Le tombeau : que se cache-t-il dans ces myst\u00e9rieux souterrains interdits ? \u00c0 Montr\u00e9al et les environs. R\u00e9servation en ligne!","breadcrumb":{"@id":"https:\/\/cubecanada.ca\/fr\/le-tombeau\/#breadcrumb"},"inLanguage":"fr-FR","potentialAction":[{"@type":"ReadAction","target":["https:\/\/cubecanada.ca\/fr\/le-tombeau\/"]}]},{"@type":"ImageObject","inLanguage":"fr-FR","@id":"https:\/\/cubecanada.ca\/fr\/le-tombeau\/#primaryimage","url":"https:\/\/cubecanada.ca\/wp-content\/uploads\/2020\/10\/cube_photo-1.jpg","contentUrl":"https:\/\/cubecanada.ca\/wp-content\/uploads\/2020\/10\/cube_photo-1.jpg"},{"@type":"BreadcrumbList","@id":"https:\/\/cubecanada.ca\/fr\/le-tombeau\/#breadcrumb","itemListElement":[{"@type":"ListItem","position":1,"name":"Home","item":"https:\/\/cubecanada.ca\/fr\/"},{"@type":"ListItem","position":2,"name":"Le tombeau"}]},{"@type":"WebSite","@id":"https:\/\/cubecanada.ca\/fr\/#website","url":"https:\/\/cubecanada.ca\/fr\/","name":"Cube canada","description":"","publisher":{"@id":"https:\/\/cubecanada.ca\/fr\/#organization"},"potentialAction":[{"@type":"SearchAction","target":{"@type":"EntryPoint","urlTemplate":"https:\/\/cubecanada.ca\/fr\/?s={search_term_string}"},"query-input":{"@type":"PropertyValueSpecification","valueRequired":true,"valueName":"search_term_string"}}],"inLanguage":"fr-FR"},{"@type":"Organization","@id":"https:\/\/cubecanada.ca\/fr\/#organization","name":"Cube Canada","url":"https:\/\/cubecanada.ca\/fr\/","logo":{"@type":"ImageObject","inLanguage":"fr-FR","@id":"https:\/\/cubecanada.ca\/fr\/#\/schema\/logo\/image\/","url":"https:\/\/cubecanada.ca\/wp-content\/uploads\/2020\/10\/logo.jpg","contentUrl":"https:\/\/cubecanada.ca\/wp-content\/uploads\/2020\/10\/logo.jpg","width":316,"height":97,"caption":"Cube Canada"},"image":{"@id":"https:\/\/cubecanada.ca\/fr\/#\/schema\/logo\/image\/"},"sameAs":["https:\/\/www.facebook.com\/C\u00dcBE-Canada-1792521107724782\/"]}]}},"_links":{"self":[{"href":"https:\/\/cubecanada.ca\/fr\/wp-json\/wp\/v2\/pages\/923","targetHints":{"allow":["GET"]}}],"collection":[{"href":"https:\/\/cubecanada.ca\/fr\/wp-json\/wp\/v2\/pages"}],"about":[{"href":"https:\/\/cubecanada.ca\/fr\/wp-json\/wp\/v2\/types\/page"}],"author":[{"embeddable":true,"href":"https:\/\/cubecanada.ca\/fr\/wp-json\/wp\/v2\/users\/990004"}],"replies":[{"embeddable":true,"href":"https:\/\/cubecanada.ca\/fr\/wp-json\/wp\/v2\/comments?post=923"}],"version-history":[{"count":0,"href":"https:\/\/cubecanada.ca\/fr\/wp-json\/wp\/v2\/pages\/923\/revisions"}],"wp:attachment":[{"href":"https:\/\/cubecanada.ca\/fr\/wp-json\/wp\/v2\/media?parent=923"}],"curies":[{"name":"wp","href":"https:\/\/api.w.org\/{rel}","templated":true}]}}