{"id":922,"date":"2020-10-12T05:10:51","date_gmt":"2020-10-12T05:10:51","guid":{"rendered":"https:\/\/cubecanada.ca\/?page_id=922"},"modified":"2022-06-22T16:33:27","modified_gmt":"2022-06-22T16:33:27","slug":"conteneur","status":"publish","type":"page","link":"https:\/\/cubecanada.ca\/fr\/conteneur\/","title":{"rendered":"LE CONTENEUR"},"content":{"rendered":"<section class=\"wpb-content-wrapper\"><p>[vc_row el_id=\u00a0\u00bbwect\u00a0\u00bb][vc_column icons_position=\u00a0\u00bbleft\u00a0\u00bb][vc_column_text]<img decoding=\"async\" class=\"alignnone size-full wp-image-989\" src=\"https:\/\/cubecanada.ca\/wp-content\/uploads\/2020\/10\/conteneur-new-css.jpg\" \/><\/p>\n<div class=\"front_end sd\">\n<h2>LE CONTENEUR<\/h2>\n<p>Une compagnie de transport hors du commun. Allez-vous d\u00e9couvrir qu&rsquo;est-ce qu&rsquo;elle transporte r\u00e9ellement?<\/p>\n<\/div>\n<p>[\/vc_column_text][\/vc_column][\/vc_row][vc_row el_id=\u00a0\u00bbaska\u00a0\u00bb][vc_column icons_position=\u00a0\u00bbleft\u00a0\u00bb][vc_empty_space alter_height=\u00a0\u00bbmedium\u00a0\u00bb hide_on_desktop=\u00a0\u00bb1&Prime; hide_on_notebook=\u00a0\u00bb1&Prime; hide_on_tablet=\u00a0\u00bb1&Prime; hide_on_mobile=\u00a0\u00bb\u00a0\u00bb css=\u00a0\u00bb.vc_custom_1519390345481\u00a0\u00bb][vc_empty_space alter_height=\u00a0\u00bbhuge\u00a0\u00bb hide_on_desktop=\u00a0\u00bb\u00a0\u00bb hide_on_notebook=\u00a0\u00bb\u00a0\u00bb hide_on_tablet=\u00a0\u00bb\u00a0\u00bb hide_on_mobile=\u00a0\u00bb1&Prime; css=\u00a0\u00bb.vc_custom_1519390245560{margin-top: -0.6rem !important;}\u00a0\u00bb][\/vc_column][vc_column width=\u00a0\u00bb1\/2&Prime; icons_position=\u00a0\u00bbleft\u00a0\u00bb][vc_single_image image=\u00a0\u00bb873&Prime; img_size=\u00a0\u00bbfull\u00a0\u00bb style=\u00a0\u00bbvc_box_border\u00a0\u00bb][vc_empty_space alter_height=\u00a0\u00bbmedium\u00a0\u00bb hide_on_desktop=\u00a0\u00bb1&Prime; hide_on_notebook=\u00a0\u00bb1&Prime; hide_on_tablet=\u00a0\u00bb1&Prime; hide_on_mobile=\u00a0\u00bb\u00a0\u00bb][\/vc_column][vc_column width=\u00a0\u00bb1\/2&Prime; icons_position=\u00a0\u00bbleft\u00a0\u00bb][vc_empty_space hide_on_desktop=\u00a0\u00bb\u00a0\u00bb hide_on_notebook=\u00a0\u00bb\u00a0\u00bb hide_on_tablet=\u00a0\u00bb\u00a0\u00bb hide_on_mobile=\u00a0\u00bb\u00a0\u00bb css=\u00a0\u00bb.vc_custom_1517821377699{margin-top: -0.75rem !important;}\u00a0\u00bb]<div id=\"sc_title_151536958\"\n\t\tclass=\"sc_title color_style_default sc_title_default\"><h3 class=\"sc_item_title sc_title_title sc_align_left sc_item_title_style_default\">LE CONTENEUR<\/h3><\/div><!-- \/.sc_title -->[vc_empty_space alter_height=\u00a0\u00bbmedium\u00a0\u00bb hide_on_desktop=\u00a0\u00bb\u00a0\u00bb hide_on_notebook=\u00a0\u00bb\u00a0\u00bb hide_on_tablet=\u00a0\u00bb\u00a0\u00bb hide_on_mobile=\u00a0\u00bb\u00a0\u00bb css=\u00a0\u00bb.vc_custom_1517821924875{margin-top: -0.7rem !important;}\u00a0\u00bb][vc_column_text]La compagnie logistique Zeno a \u00e9t\u00e9 tr\u00e8s prosp\u00e8re depuis les 30 derni\u00e8res ann\u00e9es, \u00e0 un tel point que ses comp\u00e9titeurs se demandent bien pourquoi. Zeno couvre 80% du march\u00e9 mondial des transports et poss\u00e8de des liens durables dans tous les pays d\u00e9velopp\u00e9s. Selon la rumeur, la compagnie ne transporte pas seulement des biens commerciaux, mais peut-\u00eatre bien autre chose\u2026<\/p>\n<p>Vous et vos amis journalistes d\u00e9cidez de vous infiltrer \u00e0 l\u2019int\u00e9rieur du port commercial pour mener vos propres explorations. Lorsque vous ouvrez la porte du conteneur, votre groupe entier se fait assommer\u2026[\/vc_column_text][vc_empty_space alter_height=\u00a0\u00bbmedium\u00a0\u00bb hide_on_desktop=\u00a0\u00bb\u00a0\u00bb hide_on_notebook=\u00a0\u00bb\u00a0\u00bb hide_on_tablet=\u00a0\u00bb\u00a0\u00bb hide_on_mobile=\u00a0\u00bb\u00a0\u00bb css=\u00a0\u00bb.vc_custom_1517821966772{margin-top: -1rem !important;}\u00a0\u00bb]<a href=\"https:\/\/cubecanada.ca\/reservez-maintenant\/\" id=\"sc_button_1435622429\" class=\"sc_button color_style_default sc_button_default sc_button_size_normal sc_button_icon_left\"><span class=\"sc_button_text\"><span class=\"sc_button_title\">R\u00e9servez maintenant<\/span><\/span><!-- \/.sc_button_text --><\/a><!-- \/.sc_button -->[\/vc_column][\/vc_row]<\/p>\n<\/section>","protected":false},"excerpt":{"rendered":"<p>[vc_row el_id=\u00a0\u00bbwect\u00a0\u00bb][vc_column icons_position=\u00a0\u00bbleft\u00a0\u00bb][vc_column_text] LE CONTENEUR Une compagnie de transport hors du commun. Allez-vous d\u00e9couvrir qu&rsquo;est-ce qu&rsquo;elle transporte r\u00e9ellement? [\/vc_column_text][\/vc_column][\/vc_row][vc_row el_id=\u00a0\u00bbaska\u00a0\u00bb][vc_column icons_position=\u00a0\u00bbleft\u00a0\u00bb][vc_empty_space alter_height=\u00a0\u00bbmedium\u00a0\u00bb hide_on_desktop=\u00a0\u00bb1&Prime; hide_on_notebook=\u00a0\u00bb1&Prime; hide_on_tablet=\u00a0\u00bb1&Prime; hide_on_mobile=\u00a0\u00bb\u00a0\u00bb css=\u00a0\u00bb.vc_custom_1519390345481\u00a0\u00bb][vc_empty_space alter_height=\u00a0\u00bbhuge\u00a0\u00bb hide_on_desktop=\u00a0\u00bb\u00a0\u00bb hide_on_notebook=\u00a0\u00bb\u00a0\u00bb&hellip;<\/p>\n","protected":false},"author":990004,"featured_media":0,"parent":0,"menu_order":0,"comment_status":"closed","ping_status":"closed","template":"","meta":{"_monsterinsights_skip_tracking":false,"_monsterinsights_sitenote_active":false,"_monsterinsights_sitenote_note":"","_monsterinsights_sitenote_category":0,"footnotes":""},"class_list":["post-922","page","type-page","status-publish","hentry"],"yoast_head":"<!-- This site is optimized with the Yoast SEO plugin v26.9 - https:\/\/yoast.com\/product\/yoast-seo-wordpress\/ -->\n<title>Le conteneur | Meilleurs jeux d&#039;\u00e9vasion \u00e0 Montr\u00e9al | Cube Canada<\/title>\n<meta name=\"description\" content=\"Le conteneur : jeu d&#039;\u00e9vasion palpitant \u00e0 Cube Canada. Relevez le d\u00e9fi des meilleures salles d\u2019\u00e9vasion \u00e0 Montr\u00e9al. R\u00e9servation en ligne!\" \/>\n<meta name=\"robots\" content=\"index, follow, max-snippet:-1, max-image-preview:large, max-video-preview:-1\" \/>\n<link rel=\"canonical\" href=\"https:\/\/cubecanada.ca\/fr\/conteneur\/\" \/>\n<meta property=\"og:locale\" content=\"fr_FR\" \/>\n<meta property=\"og:type\" content=\"article\" \/>\n<meta property=\"og:title\" content=\"Le conteneur | Meilleurs jeux d&#039;\u00e9vasion \u00e0 Montr\u00e9al | Cube Canada\" \/>\n<meta property=\"og:description\" content=\"Le conteneur : jeu d&#039;\u00e9vasion palpitant \u00e0 Cube Canada. Relevez le d\u00e9fi des meilleures salles d\u2019\u00e9vasion \u00e0 Montr\u00e9al. R\u00e9servation en ligne!\" \/>\n<meta property=\"og:url\" content=\"https:\/\/cubecanada.ca\/fr\/conteneur\/\" \/>\n<meta property=\"og:site_name\" content=\"Cube canada\" \/>\n<meta property=\"article:publisher\" content=\"https:\/\/www.facebook.com\/C%c3%9cBE-Canada-1792521107724782\/\" \/>\n<meta property=\"article:modified_time\" content=\"2022-06-22T16:33:27+00:00\" \/>\n<meta property=\"og:image\" content=\"https:\/\/cubecanada.ca\/wp-content\/uploads\/2020\/10\/conteneur-new-css.jpg\" \/>\n<meta name=\"twitter:card\" content=\"summary_large_image\" \/>\n<meta name=\"twitter:label1\" content=\"Dur\u00e9e de lecture estim\u00e9e\" \/>\n\t<meta name=\"twitter:data1\" content=\"2 minutes\" \/>\n<script type=\"application\/ld+json\" class=\"yoast-schema-graph\">{\"@context\":\"https:\/\/schema.org\",\"@graph\":[{\"@type\":\"WebPage\",\"@id\":\"https:\/\/cubecanada.ca\/fr\/conteneur\/\",\"url\":\"https:\/\/cubecanada.ca\/fr\/conteneur\/\",\"name\":\"Le conteneur | Meilleurs jeux d'\u00e9vasion \u00e0 Montr\u00e9al | Cube Canada\",\"isPartOf\":{\"@id\":\"https:\/\/cubecanada.ca\/fr\/#website\"},\"primaryImageOfPage\":{\"@id\":\"https:\/\/cubecanada.ca\/fr\/conteneur\/#primaryimage\"},\"image\":{\"@id\":\"https:\/\/cubecanada.ca\/fr\/conteneur\/#primaryimage\"},\"thumbnailUrl\":\"https:\/\/cubecanada.ca\/wp-content\/uploads\/2020\/10\/conteneur-new-css.jpg\",\"datePublished\":\"2020-10-12T05:10:51+00:00\",\"dateModified\":\"2022-06-22T16:33:27+00:00\",\"description\":\"Le conteneur : jeu d'\u00e9vasion palpitant \u00e0 Cube Canada. Relevez le d\u00e9fi des meilleures salles d\u2019\u00e9vasion \u00e0 Montr\u00e9al. R\u00e9servation en ligne!\",\"breadcrumb\":{\"@id\":\"https:\/\/cubecanada.ca\/fr\/conteneur\/#breadcrumb\"},\"inLanguage\":\"fr-FR\",\"potentialAction\":[{\"@type\":\"ReadAction\",\"target\":[\"https:\/\/cubecanada.ca\/fr\/conteneur\/\"]}]},{\"@type\":\"ImageObject\",\"inLanguage\":\"fr-FR\",\"@id\":\"https:\/\/cubecanada.ca\/fr\/conteneur\/#primaryimage\",\"url\":\"https:\/\/cubecanada.ca\/wp-content\/uploads\/2020\/10\/conteneur-new-css.jpg\",\"contentUrl\":\"https:\/\/cubecanada.ca\/wp-content\/uploads\/2020\/10\/conteneur-new-css.jpg\"},{\"@type\":\"BreadcrumbList\",\"@id\":\"https:\/\/cubecanada.ca\/fr\/conteneur\/#breadcrumb\",\"itemListElement\":[{\"@type\":\"ListItem\",\"position\":1,\"name\":\"Home\",\"item\":\"https:\/\/cubecanada.ca\/fr\/\"},{\"@type\":\"ListItem\",\"position\":2,\"name\":\"LE CONTENEUR\"}]},{\"@type\":\"WebSite\",\"@id\":\"https:\/\/cubecanada.ca\/fr\/#website\",\"url\":\"https:\/\/cubecanada.ca\/fr\/\",\"name\":\"Cube canada\",\"description\":\"\",\"publisher\":{\"@id\":\"https:\/\/cubecanada.ca\/fr\/#organization\"},\"potentialAction\":[{\"@type\":\"SearchAction\",\"target\":{\"@type\":\"EntryPoint\",\"urlTemplate\":\"https:\/\/cubecanada.ca\/fr\/?s={search_term_string}\"},\"query-input\":{\"@type\":\"PropertyValueSpecification\",\"valueRequired\":true,\"valueName\":\"search_term_string\"}}],\"inLanguage\":\"fr-FR\"},{\"@type\":\"Organization\",\"@id\":\"https:\/\/cubecanada.ca\/fr\/#organization\",\"name\":\"Cube Canada\",\"url\":\"https:\/\/cubecanada.ca\/fr\/\",\"logo\":{\"@type\":\"ImageObject\",\"inLanguage\":\"fr-FR\",\"@id\":\"https:\/\/cubecanada.ca\/fr\/#\/schema\/logo\/image\/\",\"url\":\"https:\/\/cubecanada.ca\/wp-content\/uploads\/2020\/10\/logo.jpg\",\"contentUrl\":\"https:\/\/cubecanada.ca\/wp-content\/uploads\/2020\/10\/logo.jpg\",\"width\":316,\"height\":97,\"caption\":\"Cube Canada\"},\"image\":{\"@id\":\"https:\/\/cubecanada.ca\/fr\/#\/schema\/logo\/image\/\"},\"sameAs\":[\"https:\/\/www.facebook.com\/C\u00dcBE-Canada-1792521107724782\/\"]}]}<\/script>\n<!-- \/ Yoast SEO plugin. -->","yoast_head_json":{"title":"Le conteneur | Meilleurs jeux d'\u00e9vasion \u00e0 Montr\u00e9al | Cube Canada","description":"Le conteneur : jeu d'\u00e9vasion palpitant \u00e0 Cube Canada. Relevez le d\u00e9fi des meilleures salles d\u2019\u00e9vasion \u00e0 Montr\u00e9al. R\u00e9servation en ligne!","robots":{"index":"index","follow":"follow","max-snippet":"max-snippet:-1","max-image-preview":"max-image-preview:large","max-video-preview":"max-video-preview:-1"},"canonical":"https:\/\/cubecanada.ca\/fr\/conteneur\/","og_locale":"fr_FR","og_type":"article","og_title":"Le conteneur | Meilleurs jeux d'\u00e9vasion \u00e0 Montr\u00e9al | Cube Canada","og_description":"Le conteneur : jeu d'\u00e9vasion palpitant \u00e0 Cube Canada. Relevez le d\u00e9fi des meilleures salles d\u2019\u00e9vasion \u00e0 Montr\u00e9al. R\u00e9servation en ligne!","og_url":"https:\/\/cubecanada.ca\/fr\/conteneur\/","og_site_name":"Cube canada","article_publisher":"https:\/\/www.facebook.com\/C%c3%9cBE-Canada-1792521107724782\/","article_modified_time":"2022-06-22T16:33:27+00:00","og_image":[{"url":"https:\/\/cubecanada.ca\/wp-content\/uploads\/2020\/10\/conteneur-new-css.jpg","type":"","width":"","height":""}],"twitter_card":"summary_large_image","twitter_misc":{"Dur\u00e9e de lecture estim\u00e9e":"2 minutes"},"schema":{"@context":"https:\/\/schema.org","@graph":[{"@type":"WebPage","@id":"https:\/\/cubecanada.ca\/fr\/conteneur\/","url":"https:\/\/cubecanada.ca\/fr\/conteneur\/","name":"Le conteneur | Meilleurs jeux d'\u00e9vasion \u00e0 Montr\u00e9al | Cube Canada","isPartOf":{"@id":"https:\/\/cubecanada.ca\/fr\/#website"},"primaryImageOfPage":{"@id":"https:\/\/cubecanada.ca\/fr\/conteneur\/#primaryimage"},"image":{"@id":"https:\/\/cubecanada.ca\/fr\/conteneur\/#primaryimage"},"thumbnailUrl":"https:\/\/cubecanada.ca\/wp-content\/uploads\/2020\/10\/conteneur-new-css.jpg","datePublished":"2020-10-12T05:10:51+00:00","dateModified":"2022-06-22T16:33:27+00:00","description":"Le conteneur : jeu d'\u00e9vasion palpitant \u00e0 Cube Canada. Relevez le d\u00e9fi des meilleures salles d\u2019\u00e9vasion \u00e0 Montr\u00e9al. R\u00e9servation en ligne!","breadcrumb":{"@id":"https:\/\/cubecanada.ca\/fr\/conteneur\/#breadcrumb"},"inLanguage":"fr-FR","potentialAction":[{"@type":"ReadAction","target":["https:\/\/cubecanada.ca\/fr\/conteneur\/"]}]},{"@type":"ImageObject","inLanguage":"fr-FR","@id":"https:\/\/cubecanada.ca\/fr\/conteneur\/#primaryimage","url":"https:\/\/cubecanada.ca\/wp-content\/uploads\/2020\/10\/conteneur-new-css.jpg","contentUrl":"https:\/\/cubecanada.ca\/wp-content\/uploads\/2020\/10\/conteneur-new-css.jpg"},{"@type":"BreadcrumbList","@id":"https:\/\/cubecanada.ca\/fr\/conteneur\/#breadcrumb","itemListElement":[{"@type":"ListItem","position":1,"name":"Home","item":"https:\/\/cubecanada.ca\/fr\/"},{"@type":"ListItem","position":2,"name":"LE CONTENEUR"}]},{"@type":"WebSite","@id":"https:\/\/cubecanada.ca\/fr\/#website","url":"https:\/\/cubecanada.ca\/fr\/","name":"Cube canada","description":"","publisher":{"@id":"https:\/\/cubecanada.ca\/fr\/#organization"},"potentialAction":[{"@type":"SearchAction","target":{"@type":"EntryPoint","urlTemplate":"https:\/\/cubecanada.ca\/fr\/?s={search_term_string}"},"query-input":{"@type":"PropertyValueSpecification","valueRequired":true,"valueName":"search_term_string"}}],"inLanguage":"fr-FR"},{"@type":"Organization","@id":"https:\/\/cubecanada.ca\/fr\/#organization","name":"Cube Canada","url":"https:\/\/cubecanada.ca\/fr\/","logo":{"@type":"ImageObject","inLanguage":"fr-FR","@id":"https:\/\/cubecanada.ca\/fr\/#\/schema\/logo\/image\/","url":"https:\/\/cubecanada.ca\/wp-content\/uploads\/2020\/10\/logo.jpg","contentUrl":"https:\/\/cubecanada.ca\/wp-content\/uploads\/2020\/10\/logo.jpg","width":316,"height":97,"caption":"Cube Canada"},"image":{"@id":"https:\/\/cubecanada.ca\/fr\/#\/schema\/logo\/image\/"},"sameAs":["https:\/\/www.facebook.com\/C\u00dcBE-Canada-1792521107724782\/"]}]}},"_links":{"self":[{"href":"https:\/\/cubecanada.ca\/fr\/wp-json\/wp\/v2\/pages\/922","targetHints":{"allow":["GET"]}}],"collection":[{"href":"https:\/\/cubecanada.ca\/fr\/wp-json\/wp\/v2\/pages"}],"about":[{"href":"https:\/\/cubecanada.ca\/fr\/wp-json\/wp\/v2\/types\/page"}],"author":[{"embeddable":true,"href":"https:\/\/cubecanada.ca\/fr\/wp-json\/wp\/v2\/users\/990004"}],"replies":[{"embeddable":true,"href":"https:\/\/cubecanada.ca\/fr\/wp-json\/wp\/v2\/comments?post=922"}],"version-history":[{"count":0,"href":"https:\/\/cubecanada.ca\/fr\/wp-json\/wp\/v2\/pages\/922\/revisions"}],"wp:attachment":[{"href":"https:\/\/cubecanada.ca\/fr\/wp-json\/wp\/v2\/media?parent=922"}],"curies":[{"name":"wp","href":"https:\/\/api.w.org\/{rel}","templated":true}]}}